{"id":7758,"date":"2022-10-27T16:00:54","date_gmt":"2022-10-27T16:00:54","guid":{"rendered":"https:\/\/www.exploringdacia.absolutcontact.ro\/?page_id=7758"},"modified":"2022-10-27T18:06:03","modified_gmt":"2022-10-27T18:06:03","slug":"politica-de-confidentialitate-app","status":"publish","type":"page","link":"https:\/\/www.exploringdacia.absolutcontact.ro\/en\/politica-de-confidentialitate-app\/","title":{"rendered":"Politica de confidentialitate aplica\u021bia exploring dacia"},"content":{"rendered":"<div id=\"wp-block-themeisle-blocks-advanced-columns-8176e7e7\" class=\"wp-block-themeisle-blocks-advanced-columns has-1-columns has-desktop-equal-layout has-tablet-equal-layout has-mobile-equal-layout has-vertical-unset\"><div class=\"wp-block-themeisle-blocks-advanced-columns-overlay\"><\/div><div class=\"innerblocks-wrap\">\n<div id=\"wp-block-themeisle-blocks-advanced-column-ed3ce33f\" class=\"wp-block-themeisle-blocks-advanced-column\">\n<pre class=\"wp-block-preformatted\"><strong>Politica de Confiden\u021bialitate<\/strong>\n\nUltima actualizare: 27 octombrie 2022\n\nAceast\u0103 Politic\u0103 de confiden\u021bialitate descrie politicile \u0219i procedurile noastre privind colectarea, utilizarea \u0219i dezv\u0103luirea informa\u021biilor dvs. atunci c\u00e2nd utiliza\u021bi Serviciul \u0219i v\u0103 informeaz\u0103 despre drepturile dvs. de confiden\u021bialitate \u0219i modul \u00een care legea v\u0103 protejeaz\u0103.\n\nUtiliz\u0103m datele dumneavoastr\u0103 personale pentru a furniza \u0219i \u00eembun\u0103t\u0103\u021bi Serviciul. Prin utilizarea Serviciului, sunte\u021bi de acord cu colectarea \u0219i utilizarea informa\u021biilor \u00een conformitate cu aceast\u0103 Politic\u0103 de confiden\u021bialitate. Aceast\u0103 politic\u0103 de confiden\u021bialitate a fost creat\u0103 cu ajutorul generatorului de politici de confiden\u021bialitate TermsFeed.\n<br><strong>Interpretare \u0219i defini\u021bii<\/strong>\n\n<strong>Interpretare<\/strong>\nCuvintele a c\u0103ror litera ini\u021bial\u0103 este scris\u0103 cu majuscule au semnifica\u021bii definite \u00een urm\u0103toarele condi\u021bii. Urm\u0103toarele defini\u021bii vor avea acela\u0219i \u00een\u021beles, indiferent dac\u0103 apar la singular sau la plural.<\/pre>\n\n\n\n<pre class=\"wp-block-preformatted\"><a><\/a><strong>Defini\u021bii<\/strong>\n\u00cen scopul acestei Politici de confiden\u021bialitate:\n\n    \u2022 <strong>Cont<\/strong>&nbsp;\u00eenseamn\u0103 un cont unic creat pentru ca dvs. s\u0103 accesa\u021bi Serviciul nostru sau p\u0103r\u021bi ale Serviciului nostru.\n    \u2022 <strong>Afiliat<\/strong>&nbsp;\u00eenseamn\u0103 o entitate care controleaz\u0103, este controlat\u0103 de sau se afl\u0103 sub control comun cu o parte, unde \u201econtrol\u201d \u00eenseamn\u0103 de\u021binerea a 50% sau mai mult din ac\u021biuni, participa\u021bii sau alte valori mobiliare \u00eendrept\u0103\u021bite s\u0103 voteze pentru alegerea directorilor sau a altor persoane de conducere autoritate.\n    \u2022 <strong>Aplica\u021bie<\/strong>&nbsp;\u00eenseamn\u0103 programul software furnizat de Companie desc\u0103rcat de Dvs. pe orice dispozitiv electronic, denumit Exploring Dacia\n    \u2022 <strong>Compania<\/strong>&nbsp;(denumit\u0103 fie \u201eCompania\u201d, \u201eNoi\u201d, \u201eNoi\u201d sau \u201eNostru\u201d \u00een prezentul Contract) se refer\u0103 la Direc\u021bia General\u0103 de Administrare Monumente \u0219i Promovare Turistic\u0103 a Jude\u021bului Hunedoara, Deva, Bld. 1 Decembrie 1918, Nr.28.\n    \u2022 <strong>\u021aara<\/strong>&nbsp;se refer\u0103 la: Rom\u00e2nia\n    \u2022 <strong>Dispozitiv<\/strong>&nbsp;\u00eenseamn\u0103 orice dispozitiv care poate accesa Serviciul, cum ar fi un computer, un telefon mobil sau o tablet\u0103 digital\u0103.\n    \u2022 <strong>Datele cu caracter<\/strong> personal sunt orice informa\u021bie care se refer\u0103 la o persoan\u0103 identificat\u0103 sau identificabil\u0103.\n    \u2022 <strong>Serviciul<\/strong>&nbsp;se refer\u0103 la Aplica\u021bie.\n    \u2022 <strong>Furnizor<\/strong> de servicii&nbsp;\u00eenseamn\u0103 orice persoan\u0103 fizic\u0103 sau juridic\u0103 care prelucreaz\u0103 datele \u00een numele Companiei. Se refer\u0103 la companii ter\u021be sau persoane fizice angajate de Companie pentru a facilita Serviciul, pentru a furniza Serviciul \u00een numele Companiei, pentru a presta servicii legate de Serviciu sau pentru a ajuta Compania \u00een analizarea modului \u00een care este utilizat Serviciul.\n    \u2022 <strong>Datele de utilizare <\/strong>se refer\u0103 la datele colectate automat, fie generate de utilizarea Serviciului, fie din infrastructura Serviciului \u00een sine (de exemplu, durata unei vizite a paginii).\n    \u2022 <strong>Persoana<\/strong> \u00eenseamn\u0103 persoana care acceseaz\u0103 sau folose\u0219te Serviciul, sau compania sau alt\u0103 entitate juridic\u0103 \u00een numele c\u0103reia respectiva persoan\u0103 acceseaz\u0103 sau folose\u0219te Serviciul, dup\u0103 caz.<\/pre>\n\n\n\n<pre class=\"wp-block-preformatted\"><a><\/a>Colectarea \u0219i utilizarea datelor dvs. personale\n\n<strong>Tipuri de date colectate<\/strong>\n\n<strong>Date personale<\/strong>\n\u00cen timpul utiliz\u0103rii Serviciului nostru, v\u0103 putem cere s\u0103 ne furniza\u021bi anumite informa\u021bii de identificare personal\u0103 care pot fi folosite pentru a v\u0103 contacta sau a v\u0103 identifica. Informa\u021biile de identificare personal\u0103 pot include, dar nu se limiteaz\u0103 la:\n\n    \u2022 Date de utilizare\n\n<strong>Date de utilizare<\/strong>\nDatele de utilizare sunt colectate automat atunci c\u00e2nd utiliza\u021bi Serviciul.\nDatele de utilizare pot include informa\u021bii precum adresa de protocol de internet a dispozitivului dvs. (de exemplu, adresa IP), tipul browserului, versiunea browserului, paginile Serviciului nostru pe care le vizita\u021bi, ora \u0219i data vizitei dvs., timpul petrecut pe acele pagini, dispozitivul unic identificatori \u0219i alte date de diagnosticare.\n\nC\u00e2nd accesa\u021bi Serviciul prin sau prin intermediul unui dispozitiv mobil, putem colecta anumite informa\u021bii \u00een mod automat, inclusiv, dar f\u0103r\u0103 a se limita la, tipul de dispozitiv mobil pe care \u00eel utiliza\u021bi, ID-ul unic al dispozitivului dvs. mobil, adresa IP a dispozitivului dvs. mobil, mobilul dvs., sistemul de operare, tipul de browser de internet mobil pe care \u00eel utiliza\u021bi, identificatorii unici de dispozitiv \u0219i alte date de diagnosticare.\n\nDe asemenea, putem colecta informa\u021bii pe care browserul dvs. le trimite ori de c\u00e2te ori vizita\u021bi Serviciul nostru sau c\u00e2nd accesa\u021bi Serviciul prin intermediul unui dispozitiv mobil.<\/pre>\n\n\n\n<pre class=\"wp-block-preformatted\"><a><\/a><strong>Informa\u021bii colectate \u00een timpul utiliz\u0103rii aplica\u021biei<\/strong>\n\u00cen timpul utiliz\u0103rii aplica\u021biei noastre, pentru a oferi caracteristici ale acesteia, putem colecta, cu permisiunea dumneavoastr\u0103 prealabil\u0103:\n\n    \u2022 Acces la dispozitive mobile, inclusiv camera dispozitivului mobil \u0219i alte func\u021bii.\n\nFolosim aceste informa\u021bii pentru a oferi caracteristici ale Serviciului Nostru, pentru a-l \u00eembun\u0103t\u0103\u021bi \u0219i personaliza. Informa\u021biile pot fi \u00eenc\u0103rcate pe serverele Companiei \u0219i\/sau pe serverul unui Furnizor de servicii sau pot fi pur \u0219i simplu stocate pe dispozitivul dvs.\n\nPute\u021bi activa sau dezactiva oric\u00e2nd accesul la aceste informa\u021bii, prin set\u0103rile dispozitivului dvs.\n\n<a><\/a><strong>Utilizarea datelor dvs. Personale<\/strong>\n\nCompania poate folosi Date personale \u00een urm\u0103toarele scopuri:\n\n    \u2022 <strong>Pentru a furniza \u0219i men\u021bine Serviciul nostru<\/strong>, inclusiv pentru a monitoriza utilizarea acestuia.\n    \u2022 <strong>Pentru a gestiona contul dvs.:<\/strong>&nbsp;pentru a gestiona \u00eenregistrarea dvs. ca utilizator al Serviciului. Datele personale pe care le furniza\u021bi v\u0103 pot oferi acces la diferite func\u021bionalit\u0103\u021bi ale Serviciului care v\u0103 sunt disponibile ca utilizator \u00eenregistrat.\n    \u2022 <strong>Pentru executarea unui contract:<\/strong>&nbsp;dezvoltarea, respectarea \u0219i \u00eendeplinirea contractului de cump\u0103rare pentru produsele, articolele sau serviciile pe care le-a\u021bi achizi\u021bionat sau a oric\u0103rui alt contract cu Noi prin intermediul Serviciului.\n    \u2022 <strong>Pentru a v\u0103 contacta:<\/strong>&nbsp;Pentru a v\u0103 contacta prin e-mail, apeluri telefonice, SMS sau alte forme echivalente de comunicare electronic\u0103, cum ar fi notific\u0103rile push ale unei aplica\u021bii mobile cu privire la actualiz\u0103ri sau comunic\u0103ri informative legate de func\u021bionalit\u0103\u021bile, produsele sau serviciile contractate, inclusiv actualiz\u0103rile de securitate , atunci c\u00e2nd este necesar sau rezonabil pentru implementarea lor.\n    \u2022 <strong>Pentru a v\u0103 oferi <\/strong>\u0219tiri, oferte speciale \u0219i informa\u021bii generale despre alte bunuri, servicii \u0219i evenimente pe care le oferim, care sunt similare cu cele pe care le-a\u021bi achizi\u021bionat deja sau despre care v-a\u021bi \u00eentrebat, cu excep\u021bia cazului \u00een care a\u021bi ales s\u0103 nu primi\u021bi astfel de informa\u021bii.\n    \u2022 <strong>Pentru a gestiona solicit\u0103rile Dvs.<\/strong>:&nbsp;pentru a participa \u0219i a gestiona solicit\u0103rile Dvs. c\u0103tre Noi.\n    \u2022 <strong>Pentru transferurile de afaceri:<\/strong>&nbsp;Putem folosi informa\u021biile Dvs. pentru a evalua sau a efectua o fuziune, dezinvestire, restructurare, reorganizare, dizolvare sau alte v\u00e2nz\u0103ri sau transferuri ale unora sau ale tuturor activelor noastre, fie ca o continu\u0103 activitate, fie ca parte a falimentului, lichid\u0103rii, sau o procedur\u0103 similar\u0103, \u00een care Datele personale de\u021binute de noi despre utilizatorii serviciilor noastre se num\u0103r\u0103 printre activele transferate.\n    \u2022 <strong>\u00cen alte scopuri: <\/strong>Putem folosi informa\u021biile Dvs. \u00een alte scopuri, cum ar fi analiza datelor, identificarea tendin\u021belor de utilizare, determinarea eficien\u021bei campaniilor noastre promo\u021bionale \u0219i pentru a evalua \u0219i \u00eembun\u0103t\u0103\u021bi Serviciul, produsele, serviciile, marketingul \u0219i experien\u021ba dumneavoastr\u0103.\n\n<a><\/a>Putem partaja informa\u021biile dvs. personale \u00een urm\u0103toarele situa\u021bii:\n\n    \u2022 <strong>Cu Furnizorii de servicii:<\/strong>&nbsp;Putem partaja informa\u021biile dvs. personale cu Furnizorii de servicii pentru a monitoriza \u0219i analiza utilizarea Serviciului nostru, pentru a v\u0103 contacta.\n    \u2022 <strong>Pentru transferuri de afaceri:<\/strong>&nbsp;Putem s\u0103 \u00eemp\u0103rt\u0103\u0219im sau s\u0103 transfer\u0103m informa\u021biile dvs. personale \u00een leg\u0103tur\u0103 cu sau \u00een timpul negocierilor cu privire la orice fuziune, v\u00e2nzare a activelor Companiei, finan\u021bare sau achizi\u021bie a \u00eentregii sau a unei p\u0103r\u021bi a afacerii noastre c\u0103tre o alt\u0103 companie.\n    \u2022 <strong>Cu afilia\u021bii:<\/strong>&nbsp;Putem \u00eemp\u0103rt\u0103\u0219i informa\u021biile dvs. cu afilia\u021bii no\u0219tri, caz \u00een care le vom solicita acelor afilia\u021bi s\u0103 respecte aceast\u0103 Politic\u0103 de confiden\u021bialitate. Afilia\u021bii includ compania noastr\u0103-mam\u0103 \u0219i orice alte filiale, parteneri de asociere \u00een participa\u021bie sau alte companii pe care le control\u0103m sau care se afl\u0103 sub control comun cu Noi.\n    \u2022 <strong>Cu partenerii de afaceri:&nbsp;<\/strong>Putem \u00eemp\u0103rt\u0103\u0219i informa\u021biile dvs. cu partenerii no\u0219tri de afaceri pentru a v\u0103 oferi anumite produse, servicii sau promo\u021bii.\n    \u2022 <strong>Cu al\u021bi utilizatori:&nbsp;<\/strong>atunci c\u00e2nd partaja\u021bi informa\u021bii personale sau interac\u021biona\u021bi \u00een alt mod \u00een zonele publice cu al\u021bi utilizatori, astfel de informa\u021bii pot fi vizualizate de to\u021bi utilizatorii \u0219i pot fi distribuite public \u00een exterior.\n    \u2022 <strong>Cu consim\u021b\u0103m\u00e2ntul dvs.: <\/strong>putem dezv\u0103lui informa\u021biile dvs. personale \u00een orice alt scop, cu consim\u021b\u0103m\u00e2ntul dvs.<\/pre>\n\n\n\n<pre class=\"wp-block-preformatted\"><a><\/a><strong>P\u0103strarea datelor dumneavoastr\u0103 cu caracter personal<\/strong>\nCompania va p\u0103stra Datele dumneavoastr\u0103 cu caracter personal numai at\u00e2t timp c\u00e2t este necesar pentru scopurile prev\u0103zute \u00een aceast\u0103 Politic\u0103 de confiden\u021bialitate. Vom p\u0103stra \u0219i folosi datele dumneavoastr\u0103 cu caracter personal \u00een m\u0103sura \u00een care este necesar pentru a ne conforma obliga\u021biilor legale (de exemplu, dac\u0103 ni se cere s\u0103 p\u0103str\u0103m datele dumneavoastr\u0103 pentru a ne conforma cu legile aplicabile), pentru a rezolva litigiile \u0219i a pune \u00een aplicare acordurile \u0219i politicile noastre legale.\n\nCompania va p\u0103stra, de asemenea, Datele de utilizare \u00een scopuri de analiz\u0103 intern\u0103. Datele de utilizare sunt, \u00een general, p\u0103strate pentru o perioad\u0103 mai scurt\u0103 de timp, cu excep\u021bia cazului \u00een care aceste date sunt utilizate pentru a consolida securitatea sau pentru a \u00eembun\u0103t\u0103\u021bi func\u021bionalitatea Serviciului nostru, sau suntem obliga\u021bi din punct de vedere legal s\u0103 p\u0103str\u0103m aceste date pentru perioade mai lungi de timp.\n\n<strong>Transferul datelor dvs. personale<\/strong>\nInforma\u021biile dumneavoastr\u0103, inclusiv Datele cu caracter personal, sunt prelucrate la birourile de operare ale Companiei \u0219i \u00een orice alte locuri \u00een care se afl\u0103 p\u0103r\u021bile implicate \u00een prelucrare. \u00censeamn\u0103 c\u0103 aceste informa\u021bii pot fi transferate \u0219i men\u021binute pe computere situate \u00een afara statului, provinciei, \u021b\u0103rii sau altei jurisdic\u021bii guvernamentale, unde legile privind protec\u021bia datelor pot diferi de cele din jurisdic\u021bia dvs.\n\nConsim\u021b\u0103m\u00e2ntul dumneavoastr\u0103 cu privire la aceast\u0103 Politic\u0103 de confiden\u021bialitate, urmat de transmiterea de c\u0103tre dumneavoastr\u0103 a unor astfel de informa\u021bii, reprezint\u0103 acordul dumneavoastr\u0103 cu privire la acest transfer.\n\nCompania va lua toate m\u0103surile rezonabile necesare pentru a se asigura c\u0103 datele dumneavoastr\u0103 sunt tratate \u00een siguran\u021b\u0103 \u0219i \u00een conformitate cu aceast\u0103 Politic\u0103 de confiden\u021bialitate \u0219i niciun transfer al datelor dumneavoastr\u0103 cu caracter personal nu va avea loc c\u0103tre o organiza\u021bie sau o \u021bar\u0103 dec\u00e2t dac\u0103 exist\u0103 controale adecvate, inclusiv securitatea Datele dvs. \u0219i alte informa\u021bii personale.\n\n<a><\/a>\u0218terge\u021bi datele dvs. personale\nAve\u021bi dreptul de a \u0219terge sau de a solicita s\u0103 asist\u0103m la \u0219tergerea Datelor cu caracter personal pe care le-am colectat despre dvs.\n\nServiciul nostru v\u0103 poate oferi posibilitatea de a \u0219terge anumite informa\u021bii despre dvs. din cadrul Serviciului.\nPute\u021bi actualiza, modifica sau \u0219terge informa\u021biile Dvs. \u00een orice moment, conect\u00e2ndu-v\u0103 la Contul Dvs., dac\u0103 ave\u021bi unul, \u0219i vizit\u00e2nd sec\u021biunea de set\u0103ri a contului care v\u0103 permite s\u0103 gestiona\u021bi informa\u021biile Dvs. personale. De asemenea, ne pute\u021bi contacta pentru a solicita acces, corecta sau \u0219terge orice informa\u021bii personale pe care ni le-a\u021bi furnizat.\n\nV\u0103 rug\u0103m s\u0103 re\u021bine\u021bi, totu\u0219i, c\u0103 este posibil s\u0103 fie nevoie s\u0103 re\u021binem anumite informa\u021bii atunci c\u00e2nd avem o obliga\u021bie legal\u0103 sau o baz\u0103 legal\u0103 pentru a face acest lucru.<\/pre>\n\n\n\n<pre class=\"wp-block-preformatted\"><a><\/a><strong>Dezv\u0103luirea datelor dumneavoastr\u0103 personale<\/strong>\n\n<strong>Tranzac\u021bii de afaceri<\/strong>\nDac\u0103 Compania este implicat\u0103 \u00eentr-o fuziune, achizi\u021bie sau v\u00e2nzare de active, Datele Dvs. Personale pot fi transferate. Vom furniza o notificare \u00eenainte ca datele dumneavoastr\u0103 cu caracter personal s\u0103 fie transferate \u0219i s\u0103 devin\u0103 supuse unei alte politici de confiden\u021bialitate.\n\n<strong>Aplicarea legii<\/strong>\n\u00cen anumite circumstan\u021be, Companiei i se poate cere s\u0103 dezv\u0103luie Datele dvs. cu caracter personal, dac\u0103 este necesar s\u0103 fac\u0103 acest lucru prin lege sau ca r\u0103spuns la solicit\u0103ri valide din partea autorit\u0103\u021bilor publice (de exemplu o instan\u021b\u0103 sau o agen\u021bie guvernamental\u0103).<\/pre>\n\n\n\n<pre class=\"wp-block-preformatted\"><a><\/a><strong>Alte cerin\u021be legale<\/strong>\nCompania poate dezv\u0103lui datele dumneavoastr\u0103 cu caracter personal cu bun\u0103-credin\u021b\u0103 c\u0103 o astfel de ac\u021biune este necesar\u0103 pentru:\n    \u2022 A respecta o obliga\u021bie legal\u0103\n    \u2022 A proteja \u0219i ap\u0103ra drepturile sau proprietatea Companiei\n    \u2022 A preveni sau investiga posibile ac\u021biuni gre\u0219ite \u00een leg\u0103tur\u0103 cu Serviciul\n    \u2022 A proteja siguran\u021ba personal\u0103 a Utilizatorilor Serviciului sau a publicului\n    \u2022 A proteja \u00eempotriva r\u0103spunderii legale\n\n<strong>Securitatea datelor dvs. personale<\/strong>\nSecuritatea Datelor Dvs. Personale este important\u0103 pentru Noi, dar re\u021bine\u021bi c\u0103 nicio metod\u0103 de transmitere prin Internet sau nicio metod\u0103 de stocare electronic\u0103 nu este 100% sigur\u0103. De\u0219i ne str\u0103duim s\u0103 folosim mijloace acceptabile din punct de vedere comercial pentru a v\u0103 proteja datele personale, nu putem garanta securitatea lor absolut\u0103.<\/pre>\n\n\n\n<pre class=\"wp-block-preformatted\"><a><\/a><strong>Confiden\u021bialitatea copiilor<\/strong>\nServiciul nostru nu se adreseaz\u0103 nim\u0103nui cu v\u00e2rsta sub 13 ani. Nu colect\u0103m cu bun\u0103 \u0219tiin\u021b\u0103 informa\u021bii de identificare personal\u0103 de la oricine cu v\u00e2rsta sub 13 ani. Dac\u0103 sunte\u021bi p\u0103rinte sau tutore \u0219i sunte\u021bi con\u0219tient c\u0103 copilul dumneavoastr\u0103 ne-a furnizat date cu caracter personal, v\u0103 rug\u0103m s\u0103 ne contacta\u021bi. Dac\u0103 afl\u0103m c\u0103 am colectat date cu caracter personal de la oricine cu v\u00e2rsta sub 13 ani f\u0103r\u0103 verificarea consim\u021b\u0103m\u00e2ntului p\u0103rin\u021bilor, lu\u0103m m\u0103suri pentru a elimina acele informa\u021bii de pe serverele noastre.\n\nDac\u0103 trebuie s\u0103 ne baz\u0103m pe consim\u021b\u0103m\u00e2nt ca baz\u0103 legal\u0103 pentru prelucrarea informa\u021biilor, este posibil s\u0103 solicit\u0103m consim\u021b\u0103m\u00e2ntul acestuia \u00eenainte de a colecta \u0219i utiliza aceste informa\u021bii.\n\n<strong>Link-uri c\u0103tre alte site-uri web<\/strong>\nServiciul nostru poate con\u021bine link-uri c\u0103tre alte site-uri web care nu sunt operate de noi. Dac\u0103 face\u021bi clic pe un link al unei ter\u021be p\u0103r\u021bi, ve\u021bi fi direc\u021bionat c\u0103tre site-ul ter\u021bului respectiv. V\u0103 sf\u0103tuim insistent s\u0103 revizui\u021bi Politica de confiden\u021bialitate a fiec\u0103rui site pe care \u00eel vizita\u021bi.\n\nNu avem control \u0219i nu ne asum\u0103m nicio responsabilitate pentru con\u021binutul, politicile de confiden\u021bialitate sau practicile oric\u0103ror site-uri sau servicii ter\u021be.<\/pre>\n\n\n\n<pre class=\"wp-block-preformatted\"><a><\/a><strong>Modific\u0103ri ale acestei Politici de confiden\u021bialitate<\/strong>\nPutem actualiza Politica noastr\u0103 de confiden\u021bialitate din c\u00e2nd \u00een c\u00e2nd. V\u0103 vom informa cu privire la orice modificare prin publicarea noii Politici de confiden\u021bialitate pe aceast\u0103 pagin\u0103.\n\nV\u0103 vom anun\u021ba prin e-mail \u0219i\/sau printr-o notificare vizibil\u0103 despre Serviciul nostru, \u00eenainte ca modificarea s\u0103 devin\u0103 efectiv\u0103 \u0219i v\u0103 vom actualiza data \u201eUltimei actualiz\u0103ri\u201d din partea de sus a acestei Politici de confiden\u021bialitate.\n\nSunte\u021bi sf\u0103tuit s\u0103 revizui\u021bi periodic aceast\u0103 Politic\u0103 de confiden\u021bialitate pentru orice modific\u0103ri. Modific\u0103rile aduse acestei Politici de confiden\u021bialitate sunt efective atunci c\u00e2nd sunt postate pe aceast\u0103 pagin\u0103.\n\n<strong>Contacta\u0163i-ne<\/strong>\nDac\u0103 ave\u021bi \u00eentreb\u0103ri despre aceast\u0103 politic\u0103 de confiden\u021bialitate, ne pute\u021bi contacta:\n    \u2022 Prin e-mail:&nbsp;dgampth@gmail.com\n    \u2022 La num\u0103rul de telefon: +40354 105 676\n\nGenerat folosind Generatorul de politici de confiden\u021bialitate TermsFeed<\/pre>\n<\/div>\n<\/div><\/div>","protected":false},"excerpt":{"rendered":"","protected":false},"author":1,"featured_media":0,"parent":0,"menu_order":0,"comment_status":"closed","ping_status":"closed","template":"","meta":{"_themeisle_gutenberg_block_has_review":false,"footnotes":""},"class_list":["post-7758","page","type-page","status-publish","hentry"],"ams_acf":[],"featured_media_urls":[],"_links":{"self":[{"href":"https:\/\/www.exploringdacia.absolutcontact.ro\/en\/wp-json\/wp\/v2\/pages\/7758","targetHints":{"allow":["GET"]}}],"collection":[{"href":"https:\/\/www.exploringdacia.absolutcontact.ro\/en\/wp-json\/wp\/v2\/pages"}],"about":[{"href":"https:\/\/www.exploringdacia.absolutcontact.ro\/en\/wp-json\/wp\/v2\/types\/page"}],"author":[{"embeddable":true,"href":"https:\/\/www.exploringdacia.absolutcontact.ro\/en\/wp-json\/wp\/v2\/users\/1"}],"replies":[{"embeddable":true,"href":"https:\/\/www.exploringdacia.absolutcontact.ro\/en\/wp-json\/wp\/v2\/comments?post=7758"}],"version-history":[{"count":4,"href":"https:\/\/www.exploringdacia.absolutcontact.ro\/en\/wp-json\/wp\/v2\/pages\/7758\/revisions"}],"predecessor-version":[{"id":7762,"href":"https:\/\/www.exploringdacia.absolutcontact.ro\/en\/wp-json\/wp\/v2\/pages\/7758\/revisions\/7762"}],"wp:attachment":[{"href":"https:\/\/www.exploringdacia.absolutcontact.ro\/en\/wp-json\/wp\/v2\/media?parent=7758"}],"curies":[{"name":"wp","href":"https:\/\/api.w.org\/{rel}","templated":true}]}}